{"id":229,"date":"2017-08-07T07:43:39","date_gmt":"2017-08-07T07:43:39","guid":{"rendered":"http:\/\/www.rbaitalia.it\/?page_id=229"},"modified":"2025-05-27T06:22:33","modified_gmt":"2025-05-27T12:22:33","slug":"legal","status":"publish","type":"page","link":"https:\/\/rbamexico.com.mx\/?page_id=229","title":{"rendered":"Aviso legal"},"content":{"rendered":"<p><strong>1) Identidad del titular del web<\/strong><\/p>\n<p>RBA EDITORES MEXICO S DE RL DE CV, (en adelante LA COMPA\u00d1\u00cdA) es una entidad mercantil de nacionalidad mexicana, con domicilio en Avenida Paseo de la Reforma N\u00famero exterior 505, N\u00famero interior 32, Colonia Cuauhtemoc, CP 06500 Municipio Cuauhtemoc, Distrito Federal, y idCIF 15091107942.<\/p>\n<p>Puede contactarnos enviando un correo a <a href=\"mailto:coleccionablesmexico@rba.es\">coleccionablesmexico@rba.es<\/a><\/p>\n<p>Para cuestiones relacionadas con su privacidad: Env\u00ede un correo electr\u00f3nico a <a href=\"mailto:protecciondatos@rba.es\">protecciondatos@rba.es<\/a><\/p>\n<p><strong>2) Aceptaci\u00f3n del Usuario<\/strong><\/p>\n<p>Estas Condiciones de Uso (en adelante Aviso Legal) regulan el acceso y utilizaci\u00f3n de la p\u00e1gina web (en adelante la \u201cWeb\u201d) que LA COMPA\u00d1\u00cdA pone a disposici\u00f3n de los usuarios de Internet. El acceso a la misma implica la aceptaci\u00f3n sin reservas del presente Aviso Legal.<\/p>\n<p>LA COMPA\u00d1\u00cdA puede ofrecer a trav\u00e9s de la p\u00e1gina web, servicios que podr\u00e1n encontrarse sometidos a unas condiciones particulares propias sobre las cuales se informar\u00e1 al Usuario en cada caso concreto.<\/p>\n<p><strong>3) Acceso a la p\u00e1gina web y Contrase\u00f1as<\/strong><\/p>\n<p>En general no se exige la previa suscripci\u00f3n o registro como Usuario para el acceso y uso de la p\u00e1gina web, sin perjuicio de que para la utilizaci\u00f3n de determinados servicios o contenidos de la misma se deba realizar dicha suscripci\u00f3n o registro.<\/p>\n<p>Los datos de los Usuarios obtenidos a trav\u00e9s de la suscripci\u00f3n o registro, est\u00e1n protegidos mediante contrase\u00f1as elegidas por ellos mismos. El Usuario se compromete a mantener su contrase\u00f1a en secreto y a protegerla de usos no autorizados por terceros. El Usuario deber\u00e1 notificar a LA COMPA\u00d1\u00cdA inmediatamente cualquier uso no consentido de su cuenta o cualquier violaci\u00f3n de la seguridad relacionada con el servicio de la p\u00e1gina web, de la que haya tenido conocimiento.<\/p>\n<p>LA COMPA\u00d1\u00cdA adopta las medidas t\u00e9cnicas y organizativas necesarias para garantizar la protecci\u00f3n de los datos de car\u00e1cter personal y evitar su alteraci\u00f3n, p\u00e9rdida, tratamiento y\/o acceso no autorizado, habida cuenta del estado de la t\u00e9cnica, la naturaleza de los datos almacenados y los riesgos a que est\u00e1n expuestos, todo ello, conforme a lo establecido por la legislaci\u00f3n espa\u00f1ola de Protecci\u00f3n de Datos de Car\u00e1cter Personal.<\/p>\n<p>LA COMPA\u00d1\u00cdA no se hace responsable frente a los Usuarios, por la revelaci\u00f3n de sus datos personales a terceros que no sea debida a causas directamente imputables a LA COMPA\u00d1\u00cdA, ni por el uso que de tales datos hagan terceros ajenos a LA COMPA\u00d1\u00cdA.<\/p>\n<p><strong>4) Uso correcto de la p\u00e1gina web<\/strong><\/p>\n<p>El Usuario se compromete a utilizar la p\u00e1gina web, los contenidos y servicios de conformidad con la Ley, el presente Aviso Legal, las buenas costumbres y el orden p\u00fablico. Del mismo modo el Usuario se obliga a no utilizar la p\u00e1gina web, sus contenidos o los servicios que se presten a trav\u00e9s de \u00e9sta con fines o efectos il\u00edcitos o contrarios al contenido del presente<\/p>\n<p>Aviso Legal, lesivos de los intereses o derechos de terceros, o que de cualquier forma pueda da\u00f1ar, inutilizar, hacer inaccesibles o deteriorar la p\u00e1gina web, sus contenidos o sus servicios o impedir un normal disfrute de la misma por otros Usuarios.<\/p>\n<p>Asimismo, el Usuario se compromete expresamente a no destruir, alterar, inutilizar o, de cualquier otra forma, da\u00f1ar los datos, programas o documentos electr\u00f3nicos que se encuentren en la Web.<\/p>\n<p>El Usuario se compromete a no obstaculizar el acceso de otros Usuarios mediante el consumo masivo de los recursos inform\u00e1ticos a trav\u00e9s de los cuales LA COMPA\u00d1\u00cdA presta el servicio, as\u00ed como realizar acciones que da\u00f1en, interrumpan o generen errores en dichos sistemas o servicios.<\/p>\n<p>El Usuario se compromete a no introducir programas, virus, macros, applets, controles ActiveX o cualquier otro dispositivo l\u00f3gico o secuencia de caracteres que causen o sean susceptibles de causar cualquier tipo de alteraci\u00f3n en los sistemas inform\u00e1ticos de LA COMPA\u00d1\u00cdA o de terceros.<\/p>\n<p><strong>5) Enlaces de terceros<\/strong><\/p>\n<p>El presente Aviso Legal se refiere \u00fanicamente a la p\u00e1gina web y contenidos de LA COMPA\u00d1\u00cdA, y no se aplica a los enlaces o a las p\u00e1ginas web de terceros accesibles a trav\u00e9s de la p\u00e1gina web.<\/p>\n<p>Los destinos de dichos enlaces no est\u00e1n bajo el control de LA COMPA\u00d1\u00cdA, y LA COMPA\u00d1\u00cdA no es responsable del contenido de ninguna de las p\u00e1ginas web de destino de un enlace, ni de ning\u00fan enlace incluido en una p\u00e1gina web a la que se llegue desde la web de LA COMPA\u00d1\u00cdA, ni de ning\u00fan cambio o actualizaci\u00f3n de dichas p\u00e1ginas.<\/p>\n<p>Estos enlaces se proporcionan \u00fanicamente para informar al Usuario sobre la existencia de otras fuentes de informaci\u00f3n sobre un tema concreto, y la inclusi\u00f3n de un enlace no implica la aprobaci\u00f3n de la p\u00e1gina web enlazada por parte de LA COMPA\u00d1\u00cdA.<\/p>\n<p><strong>6) Propiedad intelectual e industrial<\/strong><\/p>\n<p>Todos los contenidos de la p\u00e1gina Web, salvo que se indique lo contrario, son titularidad exclusiva de LA COMPA\u00d1\u00cdA y, con car\u00e1cter enunciativo, que no limitativo, el dise\u00f1o gr\u00e1fico, c\u00f3digo fuente, logos, textos, gr\u00e1ficos, ilustraciones, fotograf\u00edas, y dem\u00e1s elementos que aparecen en la p\u00e1gina Web.<\/p>\n<p>Igualmente, todos los nombres comerciales, marcas o signos distintivos de cualquier clase contenidos en la p\u00e1gina Web est\u00e1n protegidos por la Ley.<\/p>\n<p>LA COMPA\u00d1\u00cdA no concede ning\u00fan tipo de licencia o autorizaci\u00f3n de uso personal al Usuario sobre sus derechos de propiedad intelectual e industrial o sobre cualquier otro derecho relacionado con su Web y los servicios ofrecidos en la misma.<\/p>\n<p>Por ello, el Usuario reconoce que la reproducci\u00f3n, distribuci\u00f3n, comercializaci\u00f3n, transformaci\u00f3n, y en general, cualquier otra forma de explotaci\u00f3n, por cualquier procedimiento, de todo o parte de los contenidos de esta p\u00e1gina Web constituye una infracci\u00f3n de los derechos de propiedad intelectual y\/o industrial de LA COMPA\u00d1\u00cdA o del titular de los mismos.<\/p>\n<p><strong>7) Foros o Blogs<\/strong><\/p>\n<p>LA COMPA\u00d1\u00cdA ofrece a los Usuarios la posibilidad de introducir comentarios y\/o de remitir fotograf\u00edas para incorporarlos en las secciones correspondientes, as\u00ed como de participar en foros de debate y de mantener conversaciones con otros usuarios.<\/p>\n<p>La publicaci\u00f3n de los comentarios y\/o las fotograf\u00edas est\u00e1 sujeta al presente Aviso Legal.<\/p>\n<p>La persona identificada en cada caso como la que ha realizado los comentarios y\/o ha enviado las fotograf\u00edas, es responsable de los mismos. Los comentarios y\/o las fotograf\u00edas, no reflejan la opini\u00f3n de LA COMPA\u00d1\u00cdA, ni LA COMPA\u00d1\u00cdA hace declaraciones a este respecto.<\/p>\n<p>LA COMPA\u00d1\u00cdA no se har\u00e1 responsable, a no ser en aquellos extremos a los que le obligue la Ley, de los errores, inexactitudes o irregularidades que puedan contener los comentarios y\/o las fotograf\u00edas, as\u00ed como de los da\u00f1os o perjuicios que se pudieran ocasionar por la inserci\u00f3n de los comentarios y\/o las fotograf\u00edas en el Foro o en las dem\u00e1s secciones de la p\u00e1gina web que permitan esta clase de servicios y contenidos.<\/p>\n<p>El Usuario suministrador del texto y\/o fotograf\u00edas cede a LA COMPA\u00d1\u00cdA los derechos para su reproducci\u00f3n, uso, distribuci\u00f3n, comunicaci\u00f3n p\u00fablica y cualquier tipo de actividad sobre los mismos, tanto en formato electr\u00f3nico, digital, papel, como en cualquier otro tipo de soporte. Y, en especial, el Usuario cede dichos derechos para el emplazamiento del texto y\/o las fotograf\u00edas en la p\u00e1gina Web, con el fin de que los dem\u00e1s Usuarios puedan acceder a los mismos.<\/p>\n<p>El Usuario suministrador declara ser el titular de los derechos sobre los textos o fotograf\u00edas o, en su caso, garantiza que dispone de los derechos y autorizaciones necesarios del autor o propietario del texto y\/o fotograf\u00edas, para su utilizaci\u00f3n por parte de LA COMPA\u00d1\u00cdA a trav\u00e9s de la p\u00e1gina Web.<\/p>\n<p>LA COMPA\u00d1\u00cdA no se har\u00e1 responsable, a no ser en aquellos extremos a los que obligue la Ley, de los da\u00f1os o perjuicios que se pudieran ocasionar por el uso, reproducci\u00f3n, distribuci\u00f3n o comunicaci\u00f3n p\u00fablica o cualquier tipo de actividad que realice sobre los textos y\/o fotograf\u00edas que se encuentren protegidos por derechos de propiedad intelectual pertenecientes a terceros, sin que el Usuario haya obtenido previamente de sus titulares la autorizaci\u00f3n necesaria para llevar a cabo el uso que efect\u00faa o pretende efectuar.<\/p>\n<p>Asimismo, LA COMPA\u00d1\u00cdA se reserva el derecho de retirar de forma unilateral los comentarios y\/o fotograf\u00edas albergados en cualquier secci\u00f3n de la web, cuando haya indicios de que los comentarios y\/o fotograf\u00edas infringen cualquier disposici\u00f3n legal, vulneran derechos de terceros, o son utilizados con fines publicitarios (spam), as\u00ed como cuando LA COMPA\u00d1\u00cdA lo estime oportuno.<\/p>\n<p>LA COMPA\u00d1\u00cdA no ser\u00e1 responsable por la informaci\u00f3n enviada por el Usuario cuando no tenga conocimiento efectivo de que la informaci\u00f3n almacenada es il\u00edcita o de que lesiona bienes o derechos de un tercero susceptibles de indemnizaci\u00f3n. En el momento que LA COMPA\u00d1\u00cdA tenga conocimiento efectivo de que aloja datos como los anteriormente referidos, se compromete a actuar con diligencia para retirarlos o hacer imposible el acceso a ellos.<\/p>\n<p>En todo caso, para interponer cualquier reclamaci\u00f3n relacionada con los contenidos insertados en cualquiera de las secciones, puede dirigirse a la siguiente direcci\u00f3n de correo electr\u00f3nico: juridico@rba.es<\/p>\n<p><strong>8) Redes sociales<\/strong><\/p>\n<p>El usuario podr\u00e1 unirse a los Grupos que LA COMPA\u00d1\u00cdA tiene en distintas redes sociales. El usuario que se haga fan o seguidor de alguno de estos Grupos, acepta las condiciones de uso y pol\u00edtica de privacidad de la red social correspondiente.<\/p>\n<p><strong>9) Protecci\u00f3n de datos de car\u00e1cter personal<\/strong><\/p>\n<p>El uso de la web no supone el tratamiento de datos de car\u00e1cter personal. En caso que, en alg\u00fan momento fuese necesario el tratamiento de sus datos por parte de la COMPA\u00d1\u00cdA s ele informar\u00e1 debidamente de acuerdo a la legislaci\u00f3n vigente en la materia.<\/p>\n<p><strong>10) Modificaci\u00f3n de las condiciones de uso<\/strong><\/p>\n<p>LA COMPA\u00d1\u00cdA se reserva el derecho de desarrollar o actualizar en cualquier momento el Aviso Legal por lo que el usuario deber\u00e1 leerlo peri\u00f3dicamente.<\/p>\n<p><strong>11) Ley aplicable y Jurisdicci\u00f3n<\/strong><\/p>\n<p>La relaci\u00f3n entre LA COMPA\u00d1\u00cdA y el Usuario se regir\u00e1 por la normativa espa\u00f1ola vigente y cualquier controversia se someter\u00e1 a los Juzgados y Tribunales del domicilio del Usuario.<\/p>\n<p>LA COMPA\u00d1\u00cdA perseguir\u00e1 el incumplimiento de las presentes Condiciones, as\u00ed como cualquier utilizaci\u00f3n indebida del sitio web ejerciendo todas las acciones civiles y penales que le puedan corresponder y asistan en derecho.<\/p>\n<p><strong>12) Resoluci\u00f3n de conflictos online en caso de compra o suscripci\u00f3n<\/strong><\/p>\n<p>En relaci\u00f3n con la resoluci\u00f3n de reclamaciones online en materia de consumo, puede dirigirse a la Autoridad espec\u00edfica o bien ponerse en contacto con nosotros a trav\u00e9s de los medios indicados en el apartado 1) del presente Aviso Legal.<\/p>\n<div id=\"themify_builder_content-229\" data-postid=\"229\" class=\"themify_builder_content themify_builder_content-229 themify_builder themify_builder_front\">\n\n\t<\/div>\n<!-- \/themify_builder_content -->","protected":false},"excerpt":{"rendered":"<p>1) Identidad del titular del web RBA EDITORES MEXICO S DE RL DE CV, (en adelante LA COMPA\u00d1\u00cdA) es una entidad mercantil de nacionalidad mexicana, con domicilio en Avenida Paseo de la Reforma N\u00famero exterior 505, N\u00famero interior 32, Colonia Cuauhtemoc, CP 06500 Municipio Cuauhtemoc, Distrito Federal, y idCIF 15091107942. Puede contactarnos enviando un correo [&hellip;]<\/p>\n","protected":false},"author":4,"featured_media":0,"parent":0,"menu_order":0,"comment_status":"closed","ping_status":"closed","template":"","meta":{"footnotes":""},"class_list":["post-229","page","type-page","status-publish","hentry","has-post-title","has-post-date","has-post-category","has-post-tag","has-post-comment","has-post-author",""],"_links":{"self":[{"href":"https:\/\/rbamexico.com.mx\/index.php?rest_route=\/wp\/v2\/pages\/229","targetHints":{"allow":["GET"]}}],"collection":[{"href":"https:\/\/rbamexico.com.mx\/index.php?rest_route=\/wp\/v2\/pages"}],"about":[{"href":"https:\/\/rbamexico.com.mx\/index.php?rest_route=\/wp\/v2\/types\/page"}],"author":[{"embeddable":true,"href":"https:\/\/rbamexico.com.mx\/index.php?rest_route=\/wp\/v2\/users\/4"}],"replies":[{"embeddable":true,"href":"https:\/\/rbamexico.com.mx\/index.php?rest_route=%2Fwp%2Fv2%2Fcomments&post=229"}],"version-history":[{"count":5,"href":"https:\/\/rbamexico.com.mx\/index.php?rest_route=\/wp\/v2\/pages\/229\/revisions"}],"predecessor-version":[{"id":1924,"href":"https:\/\/rbamexico.com.mx\/index.php?rest_route=\/wp\/v2\/pages\/229\/revisions\/1924"}],"wp:attachment":[{"href":"https:\/\/rbamexico.com.mx\/index.php?rest_route=%2Fwp%2Fv2%2Fmedia&parent=229"}],"curies":[{"name":"wp","href":"https:\/\/api.w.org\/{rel}","templated":true}]}}